{"id":1386,"date":"2024-06-05T11:07:11","date_gmt":"2024-06-05T15:07:11","guid":{"rendered":"https:\/\/groupem7.com\/rapport-travail-force-dans-les-chaines-dapprovisionnement\/"},"modified":"2025-05-29T13:14:17","modified_gmt":"2025-05-29T17:14:17","slug":"rapport-travail-force-dans-les-chaines-dapprovisionnement","status":"publish","type":"page","link":"https:\/\/groupem7.com\/fr\/rapport-travail-force-dans-les-chaines-dapprovisionnement\/","title":{"rendered":"Rapport &#8211; Travail forc\u00e9 dans les cha\u00eenes d&rsquo;approvisionnement"},"content":{"rendered":"\t\t<div data-elementor-type=\"wp-page\" data-elementor-id=\"1386\" class=\"elementor elementor-1386 elementor-1385\" data-elementor-post-type=\"page\">\n\t\t\t\t\t\t<section class=\"elementor-section elementor-top-section elementor-element elementor-element-12c24c39 elementor-section-boxed elementor-section-height-default elementor-section-height-default\" data-id=\"12c24c39\" data-element_type=\"section\" data-e-type=\"section\">\n\t\t\t\t\t\t<div class=\"elementor-container elementor-column-gap-default\">\n\t\t\t\t\t<div class=\"elementor-column elementor-col-100 elementor-top-column elementor-element elementor-element-70570ded\" data-id=\"70570ded\" data-element_type=\"column\" data-e-type=\"column\">\n\t\t\t<div class=\"elementor-widget-wrap elementor-element-populated\">\n\t\t\t\t\t\t<div class=\"elementor-element elementor-element-3d8894f5 elementor-widget elementor-widget-text-editor\" data-id=\"3d8894f5\" data-element_type=\"widget\" data-e-type=\"widget\" data-widget_type=\"text-editor.default\">\n\t\t\t\t<div class=\"elementor-widget-container\">\n\t\t\t\t\t\t\t\t\t<p><span style=\"background-color: var(--ast-global-color-5);\">Le travail forc\u00e9 est pr\u00e9sent dans tous les pays et dans tous les secteurs. L&rsquo;Organisation internationale du travail estime qu&rsquo;il y a environ 27,6 millions de victimes du travail forc\u00e9 dans le monde, dont 17,3 millions dans l&rsquo;\u00e9conomie priv\u00e9e. Les risques li\u00e9s au travail forc\u00e9 et au travail des enfants sont principalement li\u00e9s aux cha\u00eenes d&rsquo;approvisionnement mondiales des entreprises. Il existe un risque que les biens import\u00e9s et distribu\u00e9s au Canada aient \u00e9t\u00e9 produits en recourant au travail forc\u00e9 ou au travail des enfants. <br \/><\/span><span style=\"font-style: inherit; font-weight: inherit; color: var( --e-global-color-text ); font-family: var( --e-global-typography-text-font-family ), Sans-serif; background-color: var(--ast-global-color-5);\"><br \/>En tant qu&rsquo;entit\u00e9 faisant des affaires au Canada et respectant la <a href=\"https:\/\/www.parl.ca\/legisinfo\/fr\/projet-de-loi\/44-1\/s-211\" target=\"_blank\" rel=\"noopener\">loi S-211<\/a>, Metal7 a la responsabilit\u00e9 de veiller \u00e0 ce que les pratiques d&rsquo;exploitation soient abord\u00e9es et \u00e9radiqu\u00e9es de nos cha\u00eenes d&rsquo;approvisionnement.<br \/><\/span><span style=\"font-style: inherit; font-weight: inherit; color: var( --e-global-color-text ); font-family: var( --e-global-typography-text-font-family ), Sans-serif; background-color: var(--ast-global-color-5);\"><br \/>Le rapport de Metal7 d\u00e9taille les mesures prises au cours de l&rsquo;exercice pr\u00e9c\u00e9dent pour pr\u00e9venir et r\u00e9duire le risque de recours au travail forc\u00e9 ou au travail des enfants dans nos cha\u00eenes d&rsquo;approvisionnement.<\/span><\/p><p><a href=\"https:\/\/groupem7.com\/wp-content\/uploads\/2024\/06\/Metal_7_Inc._Rapport_Loi_S-211.pdf\">Loi S-211 : Rapport de la compagnie Metal7 Inc. 2024.<\/a><\/p><p><a href=\"https:\/\/groupem7.com\/wp-content\/uploads\/2025\/05\/Metal-7-Inc.-Rapport-Loi-S-211-2025.pdf\">Loi S-211 : Rapport de la compagnie Metal7 Inc. 2025.<\/a><\/p>\t\t\t\t\t\t\t\t<\/div>\n\t\t\t\t<\/div>\n\t\t\t\t\t<\/div>\n\t\t<\/div>\n\t\t\t\t\t<\/div>\n\t\t<\/section>\n\t\t\t\t<\/div>\n\t\t","protected":false},"excerpt":{"rendered":"<p>Le travail forc\u00e9 est pr\u00e9sent dans tous les pays et dans tous les secteurs. L&rsquo;Organisation internationale du travail estime qu&rsquo;il y a environ 27,6 millions de victimes du travail forc\u00e9 dans le monde, dont 17,3 millions dans l&rsquo;\u00e9conomie priv\u00e9e. Les risques li\u00e9s au travail forc\u00e9 et au travail des enfants sont principalement li\u00e9s aux cha\u00eenes [&hellip;]<\/p>\n","protected":false},"author":6,"featured_media":0,"parent":0,"menu_order":0,"comment_status":"closed","ping_status":"closed","template":"","meta":{"content-type":"","site-sidebar-layout":"default","site-content-layout":"","ast-site-content-layout":"default","site-content-style":"default","site-sidebar-style":"default","ast-global-header-display":"","ast-banner-title-visibility":"","ast-main-header-display":"","ast-hfb-above-header-display":"","ast-hfb-below-header-display":"","ast-hfb-mobile-header-display":"","site-post-title":"","ast-breadcrumbs-content":"","ast-featured-img":"","footer-sml-layout":"","ast-disable-related-posts":"","theme-transparent-header-meta":"","adv-header-id-meta":"","stick-header-meta":"","header-above-stick-meta":"","header-main-stick-meta":"","header-below-stick-meta":"","astra-migrate-meta-layouts":"default","ast-page-background-enabled":"default","ast-page-background-meta":{"desktop":{"background-color":"var(--ast-global-color-4)","background-image":"","background-repeat":"repeat","background-position":"center center","background-size":"auto","background-attachment":"scroll","background-type":"","background-media":"","overlay-type":"","overlay-color":"","overlay-opacity":"","overlay-gradient":""},"tablet":{"background-color":"","background-image":"","background-repeat":"repeat","background-position":"center center","background-size":"auto","background-attachment":"scroll","background-type":"","background-media":"","overlay-type":"","overlay-color":"","overlay-opacity":"","overlay-gradient":""},"mobile":{"background-color":"","background-image":"","background-repeat":"repeat","background-position":"center center","background-size":"auto","background-attachment":"scroll","background-type":"","background-media":"","overlay-type":"","overlay-color":"","overlay-opacity":"","overlay-gradient":""}},"ast-content-background-meta":{"desktop":{"background-color":"var(--ast-global-color-5)","background-image":"","background-repeat":"repeat","background-position":"center center","background-size":"auto","background-attachment":"scroll","background-type":"","background-media":"","overlay-type":"","overlay-color":"","overlay-opacity":"","overlay-gradient":""},"tablet":{"background-color":"var(--ast-global-color-5)","background-image":"","background-repeat":"repeat","background-position":"center center","background-size":"auto","background-attachment":"scroll","background-type":"","background-media":"","overlay-type":"","overlay-color":"","overlay-opacity":"","overlay-gradient":""},"mobile":{"background-color":"var(--ast-global-color-5)","background-image":"","background-repeat":"repeat","background-position":"center center","background-size":"auto","background-attachment":"scroll","background-type":"","background-media":"","overlay-type":"","overlay-color":"","overlay-opacity":"","overlay-gradient":""}},"footnotes":""},"class_list":["post-1386","page","type-page","status-publish","hentry"],"_links":{"self":[{"href":"https:\/\/groupem7.com\/fr\/wp-json\/wp\/v2\/pages\/1386","targetHints":{"allow":["GET"]}}],"collection":[{"href":"https:\/\/groupem7.com\/fr\/wp-json\/wp\/v2\/pages"}],"about":[{"href":"https:\/\/groupem7.com\/fr\/wp-json\/wp\/v2\/types\/page"}],"author":[{"embeddable":true,"href":"https:\/\/groupem7.com\/fr\/wp-json\/wp\/v2\/users\/6"}],"replies":[{"embeddable":true,"href":"https:\/\/groupem7.com\/fr\/wp-json\/wp\/v2\/comments?post=1386"}],"version-history":[{"count":0,"href":"https:\/\/groupem7.com\/fr\/wp-json\/wp\/v2\/pages\/1386\/revisions"}],"wp:attachment":[{"href":"https:\/\/groupem7.com\/fr\/wp-json\/wp\/v2\/media?parent=1386"}],"curies":[{"name":"wp","href":"https:\/\/api.w.org\/{rel}","templated":true}]}}