{"id":688,"date":"2023-08-24T10:13:41","date_gmt":"2023-08-24T14:13:41","guid":{"rendered":"https:\/\/groupem7.wpengine.com\/conditions-dutilisation\/"},"modified":"2025-07-02T15:12:12","modified_gmt":"2025-07-02T19:12:12","slug":"conditions-dutilisation","status":"publish","type":"page","link":"https:\/\/groupem7.com\/fr\/conditions-dutilisation\/","title":{"rendered":"Conditions d\u2019utilisation"},"content":{"rendered":"\n<p>En acc\u00e9dant \u00e0 ce site Web (le \u00ab site \u00bb), vous vous engagez \u00e0 respecter les conditions d\u2019utilisation suivantes.<\/p>\n\n<h2 class=\"wp-block-heading\">Limitation de la responsabilit\u00e9<\/h2>\n\n<p>Bien que Metal7 inc., Enduride inc., et Les \u00e9quipements Megatraction inc., s\u2019efforcent de s\u2019assurer que les informations contenues sur ce site sont exactes, vous utilisez ce site \u00e0 vos risques, et celui-ci ne saurait constituer la meilleure source d\u2019information au sujet de Groupe M7. Aucune information ou mention se trouvant sur ce site, incluant l\u2019information sur nos produits et programmes, ne saurait ajouter ou modifier les contrats de produits que vous avez avec Groupe M7, ses fournisseurs ou ses partenaires. Groupe M7, ses partenaires d\u2019affaires, fournisseurs, associ\u00e9s, ou toute autre partie impliqu\u00e9e dans la cr\u00e9ation, la production ou la livraison de ce site ne sauraient \u00eatre tenus responsables des dommages directs et indirects, des incidents ou des cons\u00e9quences de quelque nature que ce soit, incluant l\u2019interruption des affaires, la perte d\u2019usage, de donn\u00e9es, d\u2019informations ou de profits (sans \u00e9gard \u00e0 la nature de la faute commise, incluant, mais ne se limitant pas aux d\u00e9fauts contractuels, n\u00e9gligence ou tout autre acte), occasionn\u00e9s par ou survenus \u00e0 l\u2019occasion de l\u2019acc\u00e8s ou de l\u2019utilisation de ce site, et ce, m\u00eame si Groupe M7 avait \u00e9t\u00e9 avis\u00e9e ou pouvait pr\u00e9voir la possibilit\u00e9 que ces dommages surviennent. Sans limiter la port\u00e9e de ce qui pr\u00e9c\u00e8de, l\u2019int\u00e9gralit\u00e9 du contenu de ce site vous est offert \u201cTEL QUEL\u201d, SANS AUCUNE REPR\u00c9SENTATION, GARANTIE OU QUELCONQUE STIPULATION, EXPRESSE OU IMPLICITE, INCLUANT LES REPR\u00c9SENTATIONS IMPLICITES, GARANTIES OU STIPULATIONS DE COMMERCIABILIT\u00c9, CONFORMIT\u00c9 POUR UN USAGE PR\u00c9CIS, DURABILIT\u00c9, PROPRI\u00c9T\u00c9 OU DROITS DE PROPRI\u00c9T\u00c9 INTELLECTUELLE DES PRODUITS OU SERVICES. Tout le contenu, incluant les pr\u00e9sentes conditions d\u2019utilisation, est sujet \u00e0 changement sans pr\u00e9avis.    <\/p>\n\n<h2 class=\"wp-block-heading\">Informations<\/h2>\n\n<p>Vous vous engagez \u00e0 ne jamais utiliser l\u2019information contenue sur ce site ou le lien y conduisant dans quelque r\u00e9clamation, proc\u00e9dure, poursuite ou action contre Groupe M7, ses unit\u00e9s d\u2019affaire, ses fournisseurs ou ses partenaires. Vous ne pouvez poster, publier, reproduire, transmettre ou autrement distribuer de l\u2019information ou du mat\u00e9riel se trouvant sur ce site : <\/p>\n\n<p>(a) constituant ou encourageant une conduite qui pourrait constituer une infraction criminelle ou pourrait engager la responsabilit\u00e9 civile;<\/p>\n\n<p>(b) qui est prot\u00e9g\u00e9 par le copyright ou autres droits relatifs \u00e0 la propri\u00e9t\u00e9 intellectuelle ou un travail en d\u00e9coulant sans avoir obtenu la permission du d\u00e9tenteur des droits;<\/p>\n\n<p>(c) de toute autre mani\u00e8re contraire \u00e0 la loi ou qui pourrait autrement avoir un impact n\u00e9gatif sur l\u2019utilisation du site ou de l\u2019Internet par d\u2019autres usagers, incluant la publication ou la transmission d\u2019autres informations ou logiciels contenant des virus ou autres composants nuisibles.<\/p>\n\n<h2 class=\"wp-block-heading\">Droits d&rsquo;auteur<\/h2>\n\n<p>L&rsquo;ensemble des \u00e9l\u00e9ments publi\u00e9s ou autrement accessibles par l&rsquo;entremise de ce site, y compris les nouvelles, les textes, les photographies, les images, les illustrations, les extraits sonores, les vid\u00e9os et les logiciels (le \u00ab contenu \u00bb) est prot\u00e9g\u00e9 par droits d&rsquo;auteur et est soit la propri\u00e9t\u00e9, soit sous le contr\u00f4le de Groupe M7, de tierces parties d\u00e9tentrices des droits d&rsquo;auteur ou de toute autre partie consid\u00e9r\u00e9e comme le fournisseur du contenu. Tous les visiteurs doivent se conformer aux avis et aux restrictions suppl\u00e9mentaires concernant les droits d&rsquo;auteur, int\u00e9gr\u00e9s soit au contenu tel que d\u00e9fini ci-dessus, soit au contenu auquel ce site donne acc\u00e8s.<\/p>\n\n<h2 class=\"wp-block-heading\">Marques de commerce<\/h2>\n\n<p>Les marques de commerce, logos et marques de service ainsi que les autres noms, logos et ic\u00f4nes identifiant les produits et services de Groupe M7 (collectivement \u00ab marques de commerce \u00bb) affich\u00e9s sur ce site constituent des marques de commerce d\u00e9pos\u00e9es au nom de Groupe M7 et d&rsquo;autres parties. Aucun \u00e9l\u00e9ment de ce site ne peut \u00eatre r\u00e9put\u00e9 accorder, m\u00eame implicitement, l&rsquo;autorisation ou le droit d&rsquo;utiliser une marque de commerce affich\u00e9e sur ce site sans l&rsquo;autorisation \u00e9crite et pr\u00e9alable de Groupe M7 ou de la tierce partie d\u00e9tentrice de la marque de commerce en question. Il vous est strictement interdit d&rsquo;utiliser les marques de commerce affich\u00e9es sur ce site et tout autre \u00e9l\u00e9ment de celui-ci de mani\u00e8re contraire aux conditions des pr\u00e9sentes. Groupe M7 est d\u00e9termin\u00e9e \u00e0 assurer le respect de ses droits de propri\u00e9t\u00e9 intellectuelle par tous les moyens l\u00e9gaux, y compris par des poursuites civiles et criminelles.   <\/p>\n\n<h2 class=\"wp-block-heading\">Liens<\/h2>\n\n<p>Ce site Web peut contenir des liens vers d\u2019autres sites Web qui ne sont pas contr\u00f4l\u00e9s par Groupe M7, et ne se porte pas garant et ne fait aucune repr\u00e9sentation, garantie ou stipulation quant au contenu des sites ainsi li\u00e9s ou accessibles.<\/p>\n\n<h2 class=\"wp-block-heading\">Mise \u00e0 jour<\/h2>\n\n<p>Groupe M7 n\u2019a aucune obligation de surveiller ce site et ne saurait nullement \u00eatre tenue responsable ou imputable s\u2019il advenait que ce site soit alt\u00e9r\u00e9 ou modifi\u00e9 sans son consentement.<\/p>\n\n<h2 class=\"wp-block-heading\">Confidentialit\u00e9<\/h2>\n\n<p>Nous conservons uniquement l&rsquo;information que vous nous transmettez sur une base volontaire. Bien qu\u2019il soit parfois n\u00e9cessaire d\u2019obtenir des renseignements personnels au sujet de nos clients afin de bien les servir, nous prenons des mesures afin d\u2019assurer la protection de la confidentialit\u00e9 de ces renseignements. <\/p>\n\n<p>Notre engagement \u00e0 sauvegarder votre confidentialit\u00e9 se refl\u00e8te dans nos r\u00e8gles internes relatives au traitement des renseignements personnels r\u00e9gissant la conduite de nos employ\u00e9s lors de la collecte, l\u2019usage et la communication des renseignements personnels de nos clients. Par la pr\u00e9sente, vous autorisez Groupe M7 \u00e0 recueillir et \u00e0 conserver toutes les informations pertinentes relatives \u00e0 votre utilisation du Site. Vous autorisez \u00e9galement tout tiers \u00e0 fournir ces informations \u00e0 Groupe M7.  <\/p>\n\n<h2 class=\"wp-block-heading\">Collecte de donn\u00e9es<\/h2>\n\n<p>Vous autorisez Groupe M7 \u00e0 recueillir aupr\u00e8s de toute partie toute information relative \u00e0 votre utilisation de ce site, et \u00e0 la conserver. Vous autorisez \u00e9galement toute partie \u00e0 fournir \u00e0 Groupe M7 toute information de cette nature. Vous comprenez et convenez que, \u00e0 moins que vous n&rsquo;avisiez Groupe M7 du contraire par courrier \u00e9lectronique, vous l\u2019autorisez \u00e0 divulguer \u00e0 titre confidentiel \u00e0 toute partie avec laquelle elle entretient des relations commerciales toute information pertinente relative \u00e0 votre utilisation de ce site.  <\/p>\n\n<h2 class=\"wp-block-heading\">Description des produits<\/h2>\n\n<p>Groupe M7 s\u2019efforce d\u2019\u00eatre aussi exacte que possible, mais ne garantit pas que la description des produits ou tout autre contenu de ce site Web est exact, fiable et ne comporte aucune erreur. <\/p>\n\n<h2 class=\"wp-block-heading\">Autres r\u00e8gles d\u2019utilisation du site<\/h2>\n\n<p>Veuillez prendre connaissance de nos autres r\u00e8gles d\u2019utilisation telles que le Copyright. Ces r\u00e8gles d\u2019utilisation r\u00e8glementent \u00e9galement votre acc\u00e8s au pr\u00e9sent site. <\/p>\n\n<h2 class=\"wp-block-heading\">Virus<\/h2>\n\n<p>Groupe M7 n\u2019assume aucune responsabilit\u00e9 et ne saurait \u00eatre tenue responsable d\u2019aucun dommage caus\u00e9 \u00e0 votre ordinateur ou \u00e0 tout autre bien vous appartenant survenu par ou \u00e0 l\u2019occasion de votre acc\u00e8s \u00e0 ce site Web ou lors du t\u00e9l\u00e9chargement de mat\u00e9riel, de donn\u00e9es, de texte ou d\u2019images provenant de ce site.<\/p>\n\n<h2 class=\"wp-block-heading\">Indemnit\u00e9<\/h2>\n\n<p>Vous vous engagez \u00e0 tenir indemne Groupe M7 et \u00e0 assumer la totalit\u00e9 des responsabilit\u00e9s, des co\u00fbts et des d\u00e9penses, honoraires d&rsquo;avocat raisonnables compris, li\u00e9s \u00e0 la violation de la pr\u00e9sente entente par vous-m\u00eame ou par les utilisateurs de votre ordinateur, \u00e0 l&rsquo;utilisation de ce site, ou encore \u00e0 la publication ou \u00e0 la transmission d&rsquo;information ou d&rsquo;\u00e9l\u00e9ments sur ce site par vous-m\u00eame ou par les utilisateurs de votre ordinateur.<\/p>\n\n<h2 class=\"wp-block-heading\">Renonciation<\/h2>\n\n<p>Le d\u00e9faut de Groupe M7 de faire respecter l\u2019un ou l\u2019autre des droits ou obligations pr\u00e9vus \u00e0 la pr\u00e9sente avec diligence ne saurait d\u2019aucune fa\u00e7on constituer une permission ou une renonciation \u00e0 exercer ces droits ou obligations.<\/p>\n\n<h2 class=\"wp-block-heading\">Modifications<\/h2>\n\n<p>Groupe M7 se r\u00e9serve le droit de revoir et de modifier les pr\u00e9sentes conditions d\u2019utilisation en y effectuant des mises \u00e0 jour sans avis pr\u00e9alable. En cons\u00e9quence, nous vous invitons \u00e0 relire les pr\u00e9sentes conditions d\u2019utilisation chaque fois que vous acc\u00e9dez \u00e0 ce site. <\/p>\n\n<h2 class=\"wp-block-heading\">Lois applicables<\/h2>\n\n<p>En visitant ce site, vous acceptez que les conditions d\u2019utilisation susdites soient soumises aux lois de la province du Qu\u00e9bec et aux lois f\u00e9d\u00e9rales du Canada applicables et vous acceptez d\u2019\u00eatre r\u00e9gi par celles-ci exclusivement.<\/p>\n","protected":false},"excerpt":{"rendered":"<p>En acc\u00e9dant \u00e0 ce site Web (le \u00ab site \u00bb), vous vous engagez \u00e0 respecter les conditions d\u2019utilisation suivantes. Limitation de la responsabilit\u00e9 Bien que Metal7 inc., Enduride inc., et Les \u00e9quipements Megatraction inc., s\u2019efforcent de s\u2019assurer que les informations contenues sur ce site sont exactes, vous utilisez ce site \u00e0 vos risques, et celui-ci [&hellip;]<\/p>\n","protected":false},"author":4,"featured_media":0,"parent":0,"menu_order":0,"comment_status":"closed","ping_status":"open","template":"","meta":{"content-type":"","site-sidebar-layout":"default","site-content-layout":"","ast-site-content-layout":"default","site-content-style":"default","site-sidebar-style":"default","ast-global-header-display":"","ast-banner-title-visibility":"","ast-main-header-display":"","ast-hfb-above-header-display":"","ast-hfb-below-header-display":"","ast-hfb-mobile-header-display":"","site-post-title":"","ast-breadcrumbs-content":"","ast-featured-img":"","footer-sml-layout":"","ast-disable-related-posts":"","theme-transparent-header-meta":"","adv-header-id-meta":"","stick-header-meta":"","header-above-stick-meta":"","header-main-stick-meta":"","header-below-stick-meta":"","astra-migrate-meta-layouts":"default","ast-page-background-enabled":"default","ast-page-background-meta":{"desktop":{"background-color":"var(--ast-global-color-4)","background-image":"","background-repeat":"repeat","background-position":"center center","background-size":"auto","background-attachment":"scroll","background-type":"","background-media":"","overlay-type":"","overlay-color":"","overlay-opacity":"","overlay-gradient":""},"tablet":{"background-color":"","background-image":"","background-repeat":"repeat","background-position":"center center","background-size":"auto","background-attachment":"scroll","background-type":"","background-media":"","overlay-type":"","overlay-color":"","overlay-opacity":"","overlay-gradient":""},"mobile":{"background-color":"","background-image":"","background-repeat":"repeat","background-position":"center center","background-size":"auto","background-attachment":"scroll","background-type":"","background-media":"","overlay-type":"","overlay-color":"","overlay-opacity":"","overlay-gradient":""}},"ast-content-background-meta":{"desktop":{"background-color":"var(--ast-global-color-5)","background-image":"","background-repeat":"repeat","background-position":"center center","background-size":"auto","background-attachment":"scroll","background-type":"","background-media":"","overlay-type":"","overlay-color":"","overlay-opacity":"","overlay-gradient":""},"tablet":{"background-color":"var(--ast-global-color-5)","background-image":"","background-repeat":"repeat","background-position":"center center","background-size":"auto","background-attachment":"scroll","background-type":"","background-media":"","overlay-type":"","overlay-color":"","overlay-opacity":"","overlay-gradient":""},"mobile":{"background-color":"var(--ast-global-color-5)","background-image":"","background-repeat":"repeat","background-position":"center center","background-size":"auto","background-attachment":"scroll","background-type":"","background-media":"","overlay-type":"","overlay-color":"","overlay-opacity":"","overlay-gradient":""}},"footnotes":""},"class_list":["post-688","page","type-page","status-publish","hentry"],"_links":{"self":[{"href":"https:\/\/groupem7.com\/fr\/wp-json\/wp\/v2\/pages\/688","targetHints":{"allow":["GET"]}}],"collection":[{"href":"https:\/\/groupem7.com\/fr\/wp-json\/wp\/v2\/pages"}],"about":[{"href":"https:\/\/groupem7.com\/fr\/wp-json\/wp\/v2\/types\/page"}],"author":[{"embeddable":true,"href":"https:\/\/groupem7.com\/fr\/wp-json\/wp\/v2\/users\/4"}],"replies":[{"embeddable":true,"href":"https:\/\/groupem7.com\/fr\/wp-json\/wp\/v2\/comments?post=688"}],"version-history":[{"count":0,"href":"https:\/\/groupem7.com\/fr\/wp-json\/wp\/v2\/pages\/688\/revisions"}],"wp:attachment":[{"href":"https:\/\/groupem7.com\/fr\/wp-json\/wp\/v2\/media?parent=688"}],"curies":[{"name":"wp","href":"https:\/\/api.w.org\/{rel}","templated":true}]}}